{"id":10,"date":"2020-04-22T11:27:49","date_gmt":"2020-04-22T11:27:49","guid":{"rendered":"http:\/\/piotrzgierski.pl\/?page_id=10"},"modified":"2024-05-27T13:51:16","modified_gmt":"2024-05-27T11:51:16","slug":"contact","status":"publish","type":"page","link":"https:\/\/okiemrealisty.pl\/index.php\/contact\/","title":{"rendered":"Kontakt"},"content":{"rendered":"<p>Zapraszam do kontaktu! Tutaj znajdziesz wszystkie niezb\u0119dne informacje, aby skontaktowa\u0107 si\u0119 ze mn\u0105 szybko i \u0142atwo. Jestem tutaj, aby odpowiedzie\u0107 na Twoje pytania, rozwia\u0107 w\u0105tpliwo\u015bci i udzieli\u0107 potrzebnych informacji. Skorzystaj z mojego formularza kontaktowego, aby przes\u0142a\u0107 swoje zapytanie, lub napisz bezpo\u015brednio na podany adres e-mail. Czekam na Twoj\u0105 wiadomo\u015b\u0107 i ch\u0119tnie pomog\u0119 we wszystkich kwestiach zwi\u0105zanych tre\u015bciami na stronie.<\/p>\n<p>mailto: okiem.realisty@gmail.com<\/p>\n\n\n<p><\/p>\n","protected":false},"excerpt":{"rendered":"<p>Zapraszam do kontaktu! Tutaj znajdziesz wszystkie niezb\u0119dne informacje, aby skontaktowa\u0107 si\u0119 ze mn\u0105 szybko i \u0142atwo. Jestem tutaj, aby odpowiedzie\u0107 na Twoje pytania, rozwia\u0107 w\u0105tpliwo\u015bci i udzieli\u0107 potrzebnych informacji. Skorzystaj z mojego formularza kontaktowego, aby przes\u0142a\u0107 swoje zapytanie, lub napisz bezpo\u015brednio na podany adres e-mail. Czekam na Twoj\u0105 wiadomo\u015b\u0107 i ch\u0119tnie pomog\u0119 we wszystkich kwestiach &hellip; <a href=\"https:\/\/okiemrealisty.pl\/index.php\/contact\/\" class=\"more-link\">Czytaj dalej<span class=\"screen-reader-text\"> \u201eKontakt\u201d<\/span><\/a><\/p>\n","protected":false},"author":1,"featured_media":5,"parent":0,"menu_order":0,"comment_status":"closed","ping_status":"closed","template":"","meta":{"footnotes":""},"class_list":["post-10","page","type-page","status-publish","has-post-thumbnail","hentry"],"yoast_head":"<!-- This site is optimized with the Yoast SEO plugin v27.4 - https:\/\/yoast.com\/product\/yoast-seo-wordpress\/ -->\n<title>Kontakt - Okiem Realisty<\/title>\n<meta name=\"description\" content=\"Kontakt do Okiem Realisty. A wi\u0119c adres pod kt\u00f3rym mo\u017cna otrzyma\u0107 wi\u0119cej informacji i nawi\u0105za\u0107 rozmow\u0119, otrzyma\u0107 odpowiedzi.\" \/>\n<meta name=\"robots\" content=\"index, follow, max-snippet:-1, max-image-preview:large, max-video-preview:-1\" \/>\n<link rel=\"canonical\" href=\"https:\/\/okiemrealisty.pl\/index.php\/contact\/\" \/>\n<meta property=\"og:locale\" content=\"pl_PL\" \/>\n<meta property=\"og:type\" content=\"article\" \/>\n<meta property=\"og:title\" content=\"Kontakt - Okiem Realisty\" \/>\n<meta property=\"og:description\" content=\"Kontakt do Okiem Realisty. A wi\u0119c adres pod kt\u00f3rym mo\u017cna otrzyma\u0107 wi\u0119cej informacji i nawi\u0105za\u0107 rozmow\u0119, otrzyma\u0107 odpowiedzi.\" \/>\n<meta property=\"og:url\" content=\"https:\/\/okiemrealisty.pl\/index.php\/contact\/\" \/>\n<meta property=\"og:site_name\" content=\"Okiem Realisty\" \/>\n<meta property=\"article:modified_time\" content=\"2024-05-27T11:51:16+00:00\" \/>\n<meta property=\"og:image\" content=\"https:\/\/okiemrealisty.pl\/wp-content\/uploads\/2020\/04\/espresso.jpg\" \/>\n\t<meta property=\"og:image:width\" content=\"2000\" \/>\n\t<meta property=\"og:image:height\" content=\"1200\" \/>\n\t<meta property=\"og:image:type\" content=\"image\/jpeg\" \/>\n<meta name=\"twitter:card\" content=\"summary_large_image\" \/>\n<meta name=\"twitter:label1\" content=\"Szacowany czas czytania\" \/>\n\t<meta name=\"twitter:data1\" content=\"1 minuta\" \/>\n<script type=\"application\/ld+json\" class=\"yoast-schema-graph\">{\"@context\":\"https:\\\/\\\/schema.org\",\"@graph\":[{\"@type\":\"WebPage\",\"@id\":\"https:\\\/\\\/okiemrealisty.pl\\\/index.php\\\/contact\\\/\",\"url\":\"https:\\\/\\\/okiemrealisty.pl\\\/index.php\\\/contact\\\/\",\"name\":\"Kontakt - Okiem Realisty\",\"isPartOf\":{\"@id\":\"https:\\\/\\\/okiemrealisty.pl\\\/#website\"},\"primaryImageOfPage\":{\"@id\":\"https:\\\/\\\/okiemrealisty.pl\\\/index.php\\\/contact\\\/#primaryimage\"},\"image\":{\"@id\":\"https:\\\/\\\/okiemrealisty.pl\\\/index.php\\\/contact\\\/#primaryimage\"},\"thumbnailUrl\":\"https:\\\/\\\/okiemrealisty.pl\\\/wp-content\\\/uploads\\\/2020\\\/04\\\/espresso.jpg\",\"datePublished\":\"2020-04-22T11:27:49+00:00\",\"dateModified\":\"2024-05-27T11:51:16+00:00\",\"description\":\"Kontakt do Okiem Realisty. A wi\u0119c adres pod kt\u00f3rym mo\u017cna otrzyma\u0107 wi\u0119cej informacji i nawi\u0105za\u0107 rozmow\u0119, otrzyma\u0107 odpowiedzi.\",\"breadcrumb\":{\"@id\":\"https:\\\/\\\/okiemrealisty.pl\\\/index.php\\\/contact\\\/#breadcrumb\"},\"inLanguage\":\"pl-PL\",\"potentialAction\":[{\"@type\":\"ReadAction\",\"target\":[\"https:\\\/\\\/okiemrealisty.pl\\\/index.php\\\/contact\\\/\"]}]},{\"@type\":\"ImageObject\",\"inLanguage\":\"pl-PL\",\"@id\":\"https:\\\/\\\/okiemrealisty.pl\\\/index.php\\\/contact\\\/#primaryimage\",\"url\":\"https:\\\/\\\/okiemrealisty.pl\\\/wp-content\\\/uploads\\\/2020\\\/04\\\/espresso.jpg\",\"contentUrl\":\"https:\\\/\\\/okiemrealisty.pl\\\/wp-content\\\/uploads\\\/2020\\\/04\\\/espresso.jpg\",\"width\":2000,\"height\":1200},{\"@type\":\"BreadcrumbList\",\"@id\":\"https:\\\/\\\/okiemrealisty.pl\\\/index.php\\\/contact\\\/#breadcrumb\",\"itemListElement\":[{\"@type\":\"ListItem\",\"position\":1,\"name\":\"Strona g\u0142\u00f3wna\",\"item\":\"https:\\\/\\\/okiemrealisty.pl\\\/\"},{\"@type\":\"ListItem\",\"position\":2,\"name\":\"Kontakt\"}]},{\"@type\":\"WebSite\",\"@id\":\"https:\\\/\\\/okiemrealisty.pl\\\/#website\",\"url\":\"https:\\\/\\\/okiemrealisty.pl\\\/\",\"name\":\"Okiem Realisty\",\"description\":\"Ch\u0142odne spojrzenie, ci\u0119ty j\u0119zyk\",\"publisher\":{\"@id\":\"https:\\\/\\\/okiemrealisty.pl\\\/#\\\/schema\\\/person\\\/5a047b7acbade5194152c23ad7d087e7\"},\"alternateName\":\"OkiemRealisty\",\"potentialAction\":[{\"@type\":\"SearchAction\",\"target\":{\"@type\":\"EntryPoint\",\"urlTemplate\":\"https:\\\/\\\/okiemrealisty.pl\\\/?s={search_term_string}\"},\"query-input\":{\"@type\":\"PropertyValueSpecification\",\"valueRequired\":true,\"valueName\":\"search_term_string\"}}],\"inLanguage\":\"pl-PL\"},{\"@type\":[\"Person\",\"Organization\"],\"@id\":\"https:\\\/\\\/okiemrealisty.pl\\\/#\\\/schema\\\/person\\\/5a047b7acbade5194152c23ad7d087e7\",\"name\":\"Okiem Realisty\",\"image\":{\"@type\":\"ImageObject\",\"inLanguage\":\"pl-PL\",\"@id\":\"https:\\\/\\\/okiemrealisty.pl\\\/wp-content\\\/uploads\\\/2024\\\/05\\\/cropped-Projekt-bez-nazwy-2.jpg\",\"url\":\"https:\\\/\\\/okiemrealisty.pl\\\/wp-content\\\/uploads\\\/2024\\\/05\\\/cropped-Projekt-bez-nazwy-2.jpg\",\"contentUrl\":\"https:\\\/\\\/okiemrealisty.pl\\\/wp-content\\\/uploads\\\/2024\\\/05\\\/cropped-Projekt-bez-nazwy-2.jpg\",\"width\":240,\"height\":240,\"caption\":\"Okiem Realisty\"},\"logo\":{\"@id\":\"https:\\\/\\\/okiemrealisty.pl\\\/wp-content\\\/uploads\\\/2024\\\/05\\\/cropped-Projekt-bez-nazwy-2.jpg\"}}]}<\/script>\n<!-- \/ Yoast SEO plugin. -->","yoast_head_json":{"title":"Kontakt - Okiem Realisty","description":"Kontakt do Okiem Realisty. A wi\u0119c adres pod kt\u00f3rym mo\u017cna otrzyma\u0107 wi\u0119cej informacji i nawi\u0105za\u0107 rozmow\u0119, otrzyma\u0107 odpowiedzi.","robots":{"index":"index","follow":"follow","max-snippet":"max-snippet:-1","max-image-preview":"max-image-preview:large","max-video-preview":"max-video-preview:-1"},"canonical":"https:\/\/okiemrealisty.pl\/index.php\/contact\/","og_locale":"pl_PL","og_type":"article","og_title":"Kontakt - Okiem Realisty","og_description":"Kontakt do Okiem Realisty. A wi\u0119c adres pod kt\u00f3rym mo\u017cna otrzyma\u0107 wi\u0119cej informacji i nawi\u0105za\u0107 rozmow\u0119, otrzyma\u0107 odpowiedzi.","og_url":"https:\/\/okiemrealisty.pl\/index.php\/contact\/","og_site_name":"Okiem Realisty","article_modified_time":"2024-05-27T11:51:16+00:00","og_image":[{"width":2000,"height":1200,"url":"https:\/\/okiemrealisty.pl\/wp-content\/uploads\/2020\/04\/espresso.jpg","type":"image\/jpeg"}],"twitter_card":"summary_large_image","twitter_misc":{"Szacowany czas czytania":"1 minuta"},"schema":{"@context":"https:\/\/schema.org","@graph":[{"@type":"WebPage","@id":"https:\/\/okiemrealisty.pl\/index.php\/contact\/","url":"https:\/\/okiemrealisty.pl\/index.php\/contact\/","name":"Kontakt - Okiem Realisty","isPartOf":{"@id":"https:\/\/okiemrealisty.pl\/#website"},"primaryImageOfPage":{"@id":"https:\/\/okiemrealisty.pl\/index.php\/contact\/#primaryimage"},"image":{"@id":"https:\/\/okiemrealisty.pl\/index.php\/contact\/#primaryimage"},"thumbnailUrl":"https:\/\/okiemrealisty.pl\/wp-content\/uploads\/2020\/04\/espresso.jpg","datePublished":"2020-04-22T11:27:49+00:00","dateModified":"2024-05-27T11:51:16+00:00","description":"Kontakt do Okiem Realisty. A wi\u0119c adres pod kt\u00f3rym mo\u017cna otrzyma\u0107 wi\u0119cej informacji i nawi\u0105za\u0107 rozmow\u0119, otrzyma\u0107 odpowiedzi.","breadcrumb":{"@id":"https:\/\/okiemrealisty.pl\/index.php\/contact\/#breadcrumb"},"inLanguage":"pl-PL","potentialAction":[{"@type":"ReadAction","target":["https:\/\/okiemrealisty.pl\/index.php\/contact\/"]}]},{"@type":"ImageObject","inLanguage":"pl-PL","@id":"https:\/\/okiemrealisty.pl\/index.php\/contact\/#primaryimage","url":"https:\/\/okiemrealisty.pl\/wp-content\/uploads\/2020\/04\/espresso.jpg","contentUrl":"https:\/\/okiemrealisty.pl\/wp-content\/uploads\/2020\/04\/espresso.jpg","width":2000,"height":1200},{"@type":"BreadcrumbList","@id":"https:\/\/okiemrealisty.pl\/index.php\/contact\/#breadcrumb","itemListElement":[{"@type":"ListItem","position":1,"name":"Strona g\u0142\u00f3wna","item":"https:\/\/okiemrealisty.pl\/"},{"@type":"ListItem","position":2,"name":"Kontakt"}]},{"@type":"WebSite","@id":"https:\/\/okiemrealisty.pl\/#website","url":"https:\/\/okiemrealisty.pl\/","name":"Okiem Realisty","description":"Ch\u0142odne spojrzenie, ci\u0119ty j\u0119zyk","publisher":{"@id":"https:\/\/okiemrealisty.pl\/#\/schema\/person\/5a047b7acbade5194152c23ad7d087e7"},"alternateName":"OkiemRealisty","potentialAction":[{"@type":"SearchAction","target":{"@type":"EntryPoint","urlTemplate":"https:\/\/okiemrealisty.pl\/?s={search_term_string}"},"query-input":{"@type":"PropertyValueSpecification","valueRequired":true,"valueName":"search_term_string"}}],"inLanguage":"pl-PL"},{"@type":["Person","Organization"],"@id":"https:\/\/okiemrealisty.pl\/#\/schema\/person\/5a047b7acbade5194152c23ad7d087e7","name":"Okiem Realisty","image":{"@type":"ImageObject","inLanguage":"pl-PL","@id":"https:\/\/okiemrealisty.pl\/wp-content\/uploads\/2024\/05\/cropped-Projekt-bez-nazwy-2.jpg","url":"https:\/\/okiemrealisty.pl\/wp-content\/uploads\/2024\/05\/cropped-Projekt-bez-nazwy-2.jpg","contentUrl":"https:\/\/okiemrealisty.pl\/wp-content\/uploads\/2024\/05\/cropped-Projekt-bez-nazwy-2.jpg","width":240,"height":240,"caption":"Okiem Realisty"},"logo":{"@id":"https:\/\/okiemrealisty.pl\/wp-content\/uploads\/2024\/05\/cropped-Projekt-bez-nazwy-2.jpg"}}]}},"_links":{"self":[{"href":"https:\/\/okiemrealisty.pl\/index.php\/wp-json\/wp\/v2\/pages\/10","targetHints":{"allow":["GET"]}}],"collection":[{"href":"https:\/\/okiemrealisty.pl\/index.php\/wp-json\/wp\/v2\/pages"}],"about":[{"href":"https:\/\/okiemrealisty.pl\/index.php\/wp-json\/wp\/v2\/types\/page"}],"author":[{"embeddable":true,"href":"https:\/\/okiemrealisty.pl\/index.php\/wp-json\/wp\/v2\/users\/1"}],"replies":[{"embeddable":true,"href":"https:\/\/okiemrealisty.pl\/index.php\/wp-json\/wp\/v2\/comments?post=10"}],"version-history":[{"count":3,"href":"https:\/\/okiemrealisty.pl\/index.php\/wp-json\/wp\/v2\/pages\/10\/revisions"}],"predecessor-version":[{"id":361,"href":"https:\/\/okiemrealisty.pl\/index.php\/wp-json\/wp\/v2\/pages\/10\/revisions\/361"}],"wp:featuredmedia":[{"embeddable":true,"href":"https:\/\/okiemrealisty.pl\/index.php\/wp-json\/wp\/v2\/media\/5"}],"wp:attachment":[{"href":"https:\/\/okiemrealisty.pl\/index.php\/wp-json\/wp\/v2\/media?parent=10"}],"curies":[{"name":"wp","href":"https:\/\/api.w.org\/{rel}","templated":true}]}}