{"id":225,"date":"2024-04-05T11:49:00","date_gmt":"2024-04-05T09:49:00","guid":{"rendered":"https:\/\/okiemrealisty.pl\/?page_id=225"},"modified":"2024-05-27T13:59:57","modified_gmt":"2024-05-27T11:59:57","slug":"polecam","status":"publish","type":"page","link":"https:\/\/okiemrealisty.pl\/index.php\/polecam\/","title":{"rendered":"Polecam"},"content":{"rendered":"\n<p>Zapraszamy do odkrycia podstrony z polecanymi miejscami w sieci i adresami miejsc wartych odwiedzenia. Znajdziesz tutaj starannie wyselekcjonowane zasoby wartych uwagi tre\u015bci. Polecam \u017ar\u00f3d\u0142a pe\u0142ne ciekawostek. Rekomendacje obejmuj\u0105 najciekawsze blogi, warto\u015bciowe strony internetowe oraz przydatne linki, kt\u00f3re poszerz\u0105 Twoj\u0105 wiedz\u0119 i horyzonty. Niezale\u017cnie od tego, czy szukasz informacji na temat zdrowia, technologii, kultury czy rozwoju osobistego, nasza podstrona jest idealnym miejscem do rozpocz\u0119cia swojej podr\u00f3\u017cy w \u015bwiecie wiedzy. Sprawd\u017a nasze polecenia i zainspiruj si\u0119 sprawdzonymi \u017ar\u00f3d\u0142ami!<\/p>\n\n\n\n<ul class=\"wp-block-list\">\n<li><a href=\"https:\/\/eterycznyswiat.pl\">Eteryczny \u015awiat<\/a> &#8211; Spojrzenie mocno zapachowe. Blog o modzie, kosmetykach i produktach do domu.<\/li>\n\n\n\n<li>.<\/li>\n\n\n\n<li>.<\/li>\n\n\n\n<li>.<\/li>\n<\/ul>\n\n\n\n<p><\/p>\n\n\n\n<p><a href=\"https:\/\/okiemrealisty.pl\/index.php\/wspolpraca\/\">Wsp\u00f3\u0142praca <\/a>(sponsorowane):<\/p>\n\n\n\n<ul class=\"wp-block-list\">\n<li>.<\/li>\n\n\n\n<li>.<\/li>\n\n\n\n<li>.<\/li>\n<\/ul>\n\n\n\n<figure class=\"wp-block-image size-large\"><img loading=\"lazy\" decoding=\"async\" width=\"1024\" height=\"384\" src=\"https:\/\/okiemrealisty.pl\/wp-content\/uploads\/2024\/05\/REALISTY-1024x384.jpg\" alt=\"Okiem Realisty\" class=\"wp-image-344\" srcset=\"https:\/\/okiemrealisty.pl\/wp-content\/uploads\/2024\/05\/REALISTY-1024x384.jpg 1024w, https:\/\/okiemrealisty.pl\/wp-content\/uploads\/2024\/05\/REALISTY-300x113.jpg 300w, https:\/\/okiemrealisty.pl\/wp-content\/uploads\/2024\/05\/REALISTY-768x288.jpg 768w, https:\/\/okiemrealisty.pl\/wp-content\/uploads\/2024\/05\/REALISTY-1536x576.jpg 1536w, https:\/\/okiemrealisty.pl\/wp-content\/uploads\/2024\/05\/REALISTY-2048x768.jpg 2048w, https:\/\/okiemrealisty.pl\/wp-content\/uploads\/2024\/05\/REALISTY-1200x450.jpg 1200w\" sizes=\"auto, (max-width: 709px) 85vw, (max-width: 909px) 67vw, (max-width: 1362px) 62vw, 840px\" \/><\/figure>\n","protected":false},"excerpt":{"rendered":"<p>Zapraszamy do odkrycia podstrony z polecanymi miejscami w sieci i adresami miejsc wartych odwiedzenia. Znajdziesz tutaj starannie wyselekcjonowane zasoby wartych uwagi tre\u015bci. Polecam \u017ar\u00f3d\u0142a pe\u0142ne ciekawostek. Rekomendacje obejmuj\u0105 najciekawsze blogi, warto\u015bciowe strony internetowe oraz przydatne linki, kt\u00f3re poszerz\u0105 Twoj\u0105 wiedz\u0119 i horyzonty. Niezale\u017cnie od tego, czy szukasz informacji na temat zdrowia, technologii, kultury czy rozwoju &hellip; <a href=\"https:\/\/okiemrealisty.pl\/index.php\/polecam\/\" class=\"more-link\">Czytaj dalej<span class=\"screen-reader-text\"> \u201ePolecam\u201d<\/span><\/a><\/p>\n","protected":false},"author":1,"featured_media":348,"parent":0,"menu_order":0,"comment_status":"closed","ping_status":"closed","template":"","meta":{"footnotes":""},"class_list":["post-225","page","type-page","status-publish","has-post-thumbnail","hentry"],"yoast_head":"<!-- This site is optimized with the Yoast SEO plugin v22.8 - https:\/\/yoast.com\/wordpress\/plugins\/seo\/ -->\n<title>Polecam - Okiem Realisty<\/title>\n<meta name=\"description\" content=\"Strona wype\u0142niona poleconymi stronami, blogami i bazami wiedzy. Te strony polecam, z tymi wsp\u00f3\u0142pracuj\u0119. Zajrzyj!\" \/>\n<meta name=\"robots\" content=\"index, follow, max-snippet:-1, max-image-preview:large, max-video-preview:-1\" \/>\n<link rel=\"canonical\" href=\"https:\/\/okiemrealisty.pl\/index.php\/polecam\/\" \/>\n<meta property=\"og:locale\" content=\"pl_PL\" \/>\n<meta property=\"og:type\" content=\"article\" \/>\n<meta property=\"og:title\" content=\"Polecam - Okiem Realisty\" \/>\n<meta property=\"og:description\" content=\"Strona wype\u0142niona poleconymi stronami, blogami i bazami wiedzy. Te strony polecam, z tymi wsp\u00f3\u0142pracuj\u0119. Zajrzyj!\" \/>\n<meta property=\"og:url\" content=\"https:\/\/okiemrealisty.pl\/index.php\/polecam\/\" \/>\n<meta property=\"og:site_name\" content=\"Okiem Realisty\" \/>\n<meta property=\"article:modified_time\" content=\"2024-05-27T11:59:57+00:00\" \/>\n<meta property=\"og:image\" content=\"https:\/\/okiemrealisty.pl\/wp-content\/uploads\/2024\/05\/Projekt-bez-nazwy-1.png\" \/>\n\t<meta property=\"og:image:width\" content=\"1080\" \/>\n\t<meta property=\"og:image:height\" content=\"1080\" \/>\n\t<meta property=\"og:image:type\" content=\"image\/png\" \/>\n<meta name=\"twitter:card\" content=\"summary_large_image\" \/>\n<meta name=\"twitter:label1\" content=\"Szacowany czas czytania\" \/>\n\t<meta name=\"twitter:data1\" content=\"1 minuta\" \/>\n<script type=\"application\/ld+json\" class=\"yoast-schema-graph\">{\"@context\":\"https:\/\/schema.org\",\"@graph\":[{\"@type\":\"WebPage\",\"@id\":\"https:\/\/okiemrealisty.pl\/index.php\/polecam\/\",\"url\":\"https:\/\/okiemrealisty.pl\/index.php\/polecam\/\",\"name\":\"Polecam - Okiem Realisty\",\"isPartOf\":{\"@id\":\"https:\/\/okiemrealisty.pl\/#website\"},\"primaryImageOfPage\":{\"@id\":\"https:\/\/okiemrealisty.pl\/index.php\/polecam\/#primaryimage\"},\"image\":{\"@id\":\"https:\/\/okiemrealisty.pl\/index.php\/polecam\/#primaryimage\"},\"thumbnailUrl\":\"https:\/\/okiemrealisty.pl\/wp-content\/uploads\/2024\/05\/Projekt-bez-nazwy-1.png\",\"datePublished\":\"2024-04-05T09:49:00+00:00\",\"dateModified\":\"2024-05-27T11:59:57+00:00\",\"description\":\"Strona wype\u0142niona poleconymi stronami, blogami i bazami wiedzy. Te strony polecam, z tymi wsp\u00f3\u0142pracuj\u0119. Zajrzyj!\",\"breadcrumb\":{\"@id\":\"https:\/\/okiemrealisty.pl\/index.php\/polecam\/#breadcrumb\"},\"inLanguage\":\"pl-PL\",\"potentialAction\":[{\"@type\":\"ReadAction\",\"target\":[\"https:\/\/okiemrealisty.pl\/index.php\/polecam\/\"]}]},{\"@type\":\"ImageObject\",\"inLanguage\":\"pl-PL\",\"@id\":\"https:\/\/okiemrealisty.pl\/index.php\/polecam\/#primaryimage\",\"url\":\"https:\/\/okiemrealisty.pl\/wp-content\/uploads\/2024\/05\/Projekt-bez-nazwy-1.png\",\"contentUrl\":\"https:\/\/okiemrealisty.pl\/wp-content\/uploads\/2024\/05\/Projekt-bez-nazwy-1.png\",\"width\":1080,\"height\":1080},{\"@type\":\"BreadcrumbList\",\"@id\":\"https:\/\/okiemrealisty.pl\/index.php\/polecam\/#breadcrumb\",\"itemListElement\":[{\"@type\":\"ListItem\",\"position\":1,\"name\":\"Strona g\u0142\u00f3wna\",\"item\":\"https:\/\/okiemrealisty.pl\/\"},{\"@type\":\"ListItem\",\"position\":2,\"name\":\"Polecam\"}]},{\"@type\":\"WebSite\",\"@id\":\"https:\/\/okiemrealisty.pl\/#website\",\"url\":\"https:\/\/okiemrealisty.pl\/\",\"name\":\"Okiem Realisty\",\"description\":\"Ch\u0142odne spojrzenie, ci\u0119ty j\u0119zyk\",\"publisher\":{\"@id\":\"https:\/\/okiemrealisty.pl\/#\/schema\/person\/5a047b7acbade5194152c23ad7d087e7\"},\"alternateName\":\"OkiemRealisty\",\"potentialAction\":[{\"@type\":\"SearchAction\",\"target\":{\"@type\":\"EntryPoint\",\"urlTemplate\":\"https:\/\/okiemrealisty.pl\/?s={search_term_string}\"},\"query-input\":\"required name=search_term_string\"}],\"inLanguage\":\"pl-PL\"},{\"@type\":[\"Person\",\"Organization\"],\"@id\":\"https:\/\/okiemrealisty.pl\/#\/schema\/person\/5a047b7acbade5194152c23ad7d087e7\",\"name\":\"Okiem Realisty\",\"image\":{\"@type\":\"ImageObject\",\"inLanguage\":\"pl-PL\",\"@id\":\"https:\/\/okiemrealisty.pl\/#\/schema\/person\/image\/\",\"url\":\"https:\/\/okiemrealisty.pl\/wp-content\/uploads\/2024\/05\/cropped-Projekt-bez-nazwy-2.jpg\",\"contentUrl\":\"https:\/\/okiemrealisty.pl\/wp-content\/uploads\/2024\/05\/cropped-Projekt-bez-nazwy-2.jpg\",\"width\":240,\"height\":240,\"caption\":\"Okiem Realisty\"},\"logo\":{\"@id\":\"https:\/\/okiemrealisty.pl\/#\/schema\/person\/image\/\"}}]}<\/script>\n<!-- \/ Yoast SEO plugin. -->","yoast_head_json":{"title":"Polecam - Okiem Realisty","description":"Strona wype\u0142niona poleconymi stronami, blogami i bazami wiedzy. Te strony polecam, z tymi wsp\u00f3\u0142pracuj\u0119. Zajrzyj!","robots":{"index":"index","follow":"follow","max-snippet":"max-snippet:-1","max-image-preview":"max-image-preview:large","max-video-preview":"max-video-preview:-1"},"canonical":"https:\/\/okiemrealisty.pl\/index.php\/polecam\/","og_locale":"pl_PL","og_type":"article","og_title":"Polecam - Okiem Realisty","og_description":"Strona wype\u0142niona poleconymi stronami, blogami i bazami wiedzy. Te strony polecam, z tymi wsp\u00f3\u0142pracuj\u0119. Zajrzyj!","og_url":"https:\/\/okiemrealisty.pl\/index.php\/polecam\/","og_site_name":"Okiem Realisty","article_modified_time":"2024-05-27T11:59:57+00:00","og_image":[{"width":1080,"height":1080,"url":"https:\/\/okiemrealisty.pl\/wp-content\/uploads\/2024\/05\/Projekt-bez-nazwy-1.png","type":"image\/png"}],"twitter_card":"summary_large_image","twitter_misc":{"Szacowany czas czytania":"1 minuta"},"schema":{"@context":"https:\/\/schema.org","@graph":[{"@type":"WebPage","@id":"https:\/\/okiemrealisty.pl\/index.php\/polecam\/","url":"https:\/\/okiemrealisty.pl\/index.php\/polecam\/","name":"Polecam - Okiem Realisty","isPartOf":{"@id":"https:\/\/okiemrealisty.pl\/#website"},"primaryImageOfPage":{"@id":"https:\/\/okiemrealisty.pl\/index.php\/polecam\/#primaryimage"},"image":{"@id":"https:\/\/okiemrealisty.pl\/index.php\/polecam\/#primaryimage"},"thumbnailUrl":"https:\/\/okiemrealisty.pl\/wp-content\/uploads\/2024\/05\/Projekt-bez-nazwy-1.png","datePublished":"2024-04-05T09:49:00+00:00","dateModified":"2024-05-27T11:59:57+00:00","description":"Strona wype\u0142niona poleconymi stronami, blogami i bazami wiedzy. Te strony polecam, z tymi wsp\u00f3\u0142pracuj\u0119. Zajrzyj!","breadcrumb":{"@id":"https:\/\/okiemrealisty.pl\/index.php\/polecam\/#breadcrumb"},"inLanguage":"pl-PL","potentialAction":[{"@type":"ReadAction","target":["https:\/\/okiemrealisty.pl\/index.php\/polecam\/"]}]},{"@type":"ImageObject","inLanguage":"pl-PL","@id":"https:\/\/okiemrealisty.pl\/index.php\/polecam\/#primaryimage","url":"https:\/\/okiemrealisty.pl\/wp-content\/uploads\/2024\/05\/Projekt-bez-nazwy-1.png","contentUrl":"https:\/\/okiemrealisty.pl\/wp-content\/uploads\/2024\/05\/Projekt-bez-nazwy-1.png","width":1080,"height":1080},{"@type":"BreadcrumbList","@id":"https:\/\/okiemrealisty.pl\/index.php\/polecam\/#breadcrumb","itemListElement":[{"@type":"ListItem","position":1,"name":"Strona g\u0142\u00f3wna","item":"https:\/\/okiemrealisty.pl\/"},{"@type":"ListItem","position":2,"name":"Polecam"}]},{"@type":"WebSite","@id":"https:\/\/okiemrealisty.pl\/#website","url":"https:\/\/okiemrealisty.pl\/","name":"Okiem Realisty","description":"Ch\u0142odne spojrzenie, ci\u0119ty j\u0119zyk","publisher":{"@id":"https:\/\/okiemrealisty.pl\/#\/schema\/person\/5a047b7acbade5194152c23ad7d087e7"},"alternateName":"OkiemRealisty","potentialAction":[{"@type":"SearchAction","target":{"@type":"EntryPoint","urlTemplate":"https:\/\/okiemrealisty.pl\/?s={search_term_string}"},"query-input":"required name=search_term_string"}],"inLanguage":"pl-PL"},{"@type":["Person","Organization"],"@id":"https:\/\/okiemrealisty.pl\/#\/schema\/person\/5a047b7acbade5194152c23ad7d087e7","name":"Okiem Realisty","image":{"@type":"ImageObject","inLanguage":"pl-PL","@id":"https:\/\/okiemrealisty.pl\/#\/schema\/person\/image\/","url":"https:\/\/okiemrealisty.pl\/wp-content\/uploads\/2024\/05\/cropped-Projekt-bez-nazwy-2.jpg","contentUrl":"https:\/\/okiemrealisty.pl\/wp-content\/uploads\/2024\/05\/cropped-Projekt-bez-nazwy-2.jpg","width":240,"height":240,"caption":"Okiem Realisty"},"logo":{"@id":"https:\/\/okiemrealisty.pl\/#\/schema\/person\/image\/"}}]}},"_links":{"self":[{"href":"https:\/\/okiemrealisty.pl\/index.php\/wp-json\/wp\/v2\/pages\/225","targetHints":{"allow":["GET"]}}],"collection":[{"href":"https:\/\/okiemrealisty.pl\/index.php\/wp-json\/wp\/v2\/pages"}],"about":[{"href":"https:\/\/okiemrealisty.pl\/index.php\/wp-json\/wp\/v2\/types\/page"}],"author":[{"embeddable":true,"href":"https:\/\/okiemrealisty.pl\/index.php\/wp-json\/wp\/v2\/users\/1"}],"replies":[{"embeddable":true,"href":"https:\/\/okiemrealisty.pl\/index.php\/wp-json\/wp\/v2\/comments?post=225"}],"version-history":[{"count":4,"href":"https:\/\/okiemrealisty.pl\/index.php\/wp-json\/wp\/v2\/pages\/225\/revisions"}],"predecessor-version":[{"id":365,"href":"https:\/\/okiemrealisty.pl\/index.php\/wp-json\/wp\/v2\/pages\/225\/revisions\/365"}],"wp:featuredmedia":[{"embeddable":true,"href":"https:\/\/okiemrealisty.pl\/index.php\/wp-json\/wp\/v2\/media\/348"}],"wp:attachment":[{"href":"https:\/\/okiemrealisty.pl\/index.php\/wp-json\/wp\/v2\/media?parent=225"}],"curies":[{"name":"wp","href":"https:\/\/api.w.org\/{rel}","templated":true}]}}