{"id":317,"date":"2024-05-24T12:59:51","date_gmt":"2024-05-24T10:59:51","guid":{"rendered":"https:\/\/okiemrealisty.pl\/?page_id=317"},"modified":"2024-05-27T13:55:34","modified_gmt":"2024-05-27T11:55:34","slug":"wspolpraca","status":"publish","type":"page","link":"https:\/\/okiemrealisty.pl\/index.php\/wspolpraca\/","title":{"rendered":"Wsp\u00f3\u0142praca"},"content":{"rendered":"\n<p>Skontaktuj si\u0119 w celu om\u00f3wienia przestrzeni i propozycji wsp\u00f3\u0142pracy.<\/p>\n\n\n\n<p><\/p>\n\n\n\n<p>mailto: okiem.realisty@gmail.com<\/p>\n\n\n\n<p>Telefon: (dost\u0119pny po pierwszym kontakcie przez e-mail)<\/p>\n\n\n\n<p>Adres: Lublin (dok\u0142adny po kontakcie przez e-mail)<\/p>\n","protected":false},"excerpt":{"rendered":"<p>Skontaktuj si\u0119 w celu om\u00f3wienia przestrzeni i propozycji wsp\u00f3\u0142pracy. mailto: okiem.realisty@gmail.com Telefon: (dost\u0119pny po pierwszym kontakcie przez e-mail) Adres: Lublin (dok\u0142adny po kontakcie przez e-mail)<\/p>\n","protected":false},"author":1,"featured_media":0,"parent":0,"menu_order":0,"comment_status":"closed","ping_status":"closed","template":"","meta":{"footnotes":""},"class_list":["post-317","page","type-page","status-publish","hentry"],"yoast_head":"<!-- This site is optimized with the Yoast SEO plugin v27.5 - https:\/\/yoast.com\/product\/yoast-seo-wordpress\/ -->\n<title>Wsp\u00f3\u0142praca - Okiem Realisty<\/title>\n<meta name=\"description\" content=\"Nawi\u0105\u017c wsp\u00f3\u0142prac\u0119, przeka\u017c produkt do testowania lub zaproponuj miejsce warte odwiedzenia. Jestem otwarty na propozycj\u0119.\" \/>\n<meta name=\"robots\" content=\"index, follow, max-snippet:-1, max-image-preview:large, max-video-preview:-1\" \/>\n<link rel=\"canonical\" href=\"https:\/\/okiemrealisty.pl\/index.php\/wspolpraca\/\" \/>\n<meta property=\"og:locale\" content=\"pl_PL\" \/>\n<meta property=\"og:type\" content=\"article\" \/>\n<meta property=\"og:title\" content=\"Wsp\u00f3\u0142praca - Okiem Realisty\" \/>\n<meta property=\"og:description\" content=\"Nawi\u0105\u017c wsp\u00f3\u0142prac\u0119, przeka\u017c produkt do testowania lub zaproponuj miejsce warte odwiedzenia. Jestem otwarty na propozycj\u0119.\" \/>\n<meta property=\"og:url\" content=\"https:\/\/okiemrealisty.pl\/index.php\/wspolpraca\/\" \/>\n<meta property=\"og:site_name\" content=\"Okiem Realisty\" \/>\n<meta property=\"article:modified_time\" content=\"2024-05-27T11:55:34+00:00\" \/>\n<meta property=\"og:image\" content=\"https:\/\/okiemrealisty.pl\/wp-content\/uploads\/2024\/04\/okiem-1.png\" \/>\n\t<meta property=\"og:image:width\" content=\"1373\" \/>\n\t<meta property=\"og:image:height\" content=\"558\" \/>\n\t<meta property=\"og:image:type\" content=\"image\/png\" \/>\n<meta name=\"twitter:card\" content=\"summary_large_image\" \/>\n<meta name=\"twitter:label1\" content=\"Szacowany czas czytania\" \/>\n\t<meta name=\"twitter:data1\" content=\"1 minuta\" \/>\n<script type=\"application\/ld+json\" class=\"yoast-schema-graph\">{\"@context\":\"https:\\\/\\\/schema.org\",\"@graph\":[{\"@type\":\"WebPage\",\"@id\":\"https:\\\/\\\/okiemrealisty.pl\\\/index.php\\\/wspolpraca\\\/\",\"url\":\"https:\\\/\\\/okiemrealisty.pl\\\/index.php\\\/wspolpraca\\\/\",\"name\":\"Wsp\u00f3\u0142praca - Okiem Realisty\",\"isPartOf\":{\"@id\":\"https:\\\/\\\/okiemrealisty.pl\\\/#website\"},\"datePublished\":\"2024-05-24T10:59:51+00:00\",\"dateModified\":\"2024-05-27T11:55:34+00:00\",\"description\":\"Nawi\u0105\u017c wsp\u00f3\u0142prac\u0119, przeka\u017c produkt do testowania lub zaproponuj miejsce warte odwiedzenia. Jestem otwarty na propozycj\u0119.\",\"breadcrumb\":{\"@id\":\"https:\\\/\\\/okiemrealisty.pl\\\/index.php\\\/wspolpraca\\\/#breadcrumb\"},\"inLanguage\":\"pl-PL\",\"potentialAction\":[{\"@type\":\"ReadAction\",\"target\":[\"https:\\\/\\\/okiemrealisty.pl\\\/index.php\\\/wspolpraca\\\/\"]}]},{\"@type\":\"BreadcrumbList\",\"@id\":\"https:\\\/\\\/okiemrealisty.pl\\\/index.php\\\/wspolpraca\\\/#breadcrumb\",\"itemListElement\":[{\"@type\":\"ListItem\",\"position\":1,\"name\":\"Strona g\u0142\u00f3wna\",\"item\":\"https:\\\/\\\/okiemrealisty.pl\\\/\"},{\"@type\":\"ListItem\",\"position\":2,\"name\":\"Wsp\u00f3\u0142praca\"}]},{\"@type\":\"WebSite\",\"@id\":\"https:\\\/\\\/okiemrealisty.pl\\\/#website\",\"url\":\"https:\\\/\\\/okiemrealisty.pl\\\/\",\"name\":\"Okiem Realisty\",\"description\":\"Ch\u0142odne spojrzenie, ci\u0119ty j\u0119zyk\",\"publisher\":{\"@id\":\"https:\\\/\\\/okiemrealisty.pl\\\/#\\\/schema\\\/person\\\/5a047b7acbade5194152c23ad7d087e7\"},\"alternateName\":\"OkiemRealisty\",\"potentialAction\":[{\"@type\":\"SearchAction\",\"target\":{\"@type\":\"EntryPoint\",\"urlTemplate\":\"https:\\\/\\\/okiemrealisty.pl\\\/?s={search_term_string}\"},\"query-input\":{\"@type\":\"PropertyValueSpecification\",\"valueRequired\":true,\"valueName\":\"search_term_string\"}}],\"inLanguage\":\"pl-PL\"},{\"@type\":[\"Person\",\"Organization\"],\"@id\":\"https:\\\/\\\/okiemrealisty.pl\\\/#\\\/schema\\\/person\\\/5a047b7acbade5194152c23ad7d087e7\",\"name\":\"Okiem Realisty\",\"image\":{\"@type\":\"ImageObject\",\"inLanguage\":\"pl-PL\",\"@id\":\"https:\\\/\\\/okiemrealisty.pl\\\/wp-content\\\/uploads\\\/2024\\\/05\\\/cropped-Projekt-bez-nazwy-2.jpg\",\"url\":\"https:\\\/\\\/okiemrealisty.pl\\\/wp-content\\\/uploads\\\/2024\\\/05\\\/cropped-Projekt-bez-nazwy-2.jpg\",\"contentUrl\":\"https:\\\/\\\/okiemrealisty.pl\\\/wp-content\\\/uploads\\\/2024\\\/05\\\/cropped-Projekt-bez-nazwy-2.jpg\",\"width\":240,\"height\":240,\"caption\":\"Okiem Realisty\"},\"logo\":{\"@id\":\"https:\\\/\\\/okiemrealisty.pl\\\/wp-content\\\/uploads\\\/2024\\\/05\\\/cropped-Projekt-bez-nazwy-2.jpg\"}}]}<\/script>\n<!-- \/ Yoast SEO plugin. -->","yoast_head_json":{"title":"Wsp\u00f3\u0142praca - Okiem Realisty","description":"Nawi\u0105\u017c wsp\u00f3\u0142prac\u0119, przeka\u017c produkt do testowania lub zaproponuj miejsce warte odwiedzenia. Jestem otwarty na propozycj\u0119.","robots":{"index":"index","follow":"follow","max-snippet":"max-snippet:-1","max-image-preview":"max-image-preview:large","max-video-preview":"max-video-preview:-1"},"canonical":"https:\/\/okiemrealisty.pl\/index.php\/wspolpraca\/","og_locale":"pl_PL","og_type":"article","og_title":"Wsp\u00f3\u0142praca - Okiem Realisty","og_description":"Nawi\u0105\u017c wsp\u00f3\u0142prac\u0119, przeka\u017c produkt do testowania lub zaproponuj miejsce warte odwiedzenia. Jestem otwarty na propozycj\u0119.","og_url":"https:\/\/okiemrealisty.pl\/index.php\/wspolpraca\/","og_site_name":"Okiem Realisty","article_modified_time":"2024-05-27T11:55:34+00:00","og_image":[{"width":1373,"height":558,"url":"https:\/\/okiemrealisty.pl\/wp-content\/uploads\/2024\/04\/okiem-1.png","type":"image\/png"}],"twitter_card":"summary_large_image","twitter_misc":{"Szacowany czas czytania":"1 minuta"},"schema":{"@context":"https:\/\/schema.org","@graph":[{"@type":"WebPage","@id":"https:\/\/okiemrealisty.pl\/index.php\/wspolpraca\/","url":"https:\/\/okiemrealisty.pl\/index.php\/wspolpraca\/","name":"Wsp\u00f3\u0142praca - Okiem Realisty","isPartOf":{"@id":"https:\/\/okiemrealisty.pl\/#website"},"datePublished":"2024-05-24T10:59:51+00:00","dateModified":"2024-05-27T11:55:34+00:00","description":"Nawi\u0105\u017c wsp\u00f3\u0142prac\u0119, przeka\u017c produkt do testowania lub zaproponuj miejsce warte odwiedzenia. Jestem otwarty na propozycj\u0119.","breadcrumb":{"@id":"https:\/\/okiemrealisty.pl\/index.php\/wspolpraca\/#breadcrumb"},"inLanguage":"pl-PL","potentialAction":[{"@type":"ReadAction","target":["https:\/\/okiemrealisty.pl\/index.php\/wspolpraca\/"]}]},{"@type":"BreadcrumbList","@id":"https:\/\/okiemrealisty.pl\/index.php\/wspolpraca\/#breadcrumb","itemListElement":[{"@type":"ListItem","position":1,"name":"Strona g\u0142\u00f3wna","item":"https:\/\/okiemrealisty.pl\/"},{"@type":"ListItem","position":2,"name":"Wsp\u00f3\u0142praca"}]},{"@type":"WebSite","@id":"https:\/\/okiemrealisty.pl\/#website","url":"https:\/\/okiemrealisty.pl\/","name":"Okiem Realisty","description":"Ch\u0142odne spojrzenie, ci\u0119ty j\u0119zyk","publisher":{"@id":"https:\/\/okiemrealisty.pl\/#\/schema\/person\/5a047b7acbade5194152c23ad7d087e7"},"alternateName":"OkiemRealisty","potentialAction":[{"@type":"SearchAction","target":{"@type":"EntryPoint","urlTemplate":"https:\/\/okiemrealisty.pl\/?s={search_term_string}"},"query-input":{"@type":"PropertyValueSpecification","valueRequired":true,"valueName":"search_term_string"}}],"inLanguage":"pl-PL"},{"@type":["Person","Organization"],"@id":"https:\/\/okiemrealisty.pl\/#\/schema\/person\/5a047b7acbade5194152c23ad7d087e7","name":"Okiem Realisty","image":{"@type":"ImageObject","inLanguage":"pl-PL","@id":"https:\/\/okiemrealisty.pl\/wp-content\/uploads\/2024\/05\/cropped-Projekt-bez-nazwy-2.jpg","url":"https:\/\/okiemrealisty.pl\/wp-content\/uploads\/2024\/05\/cropped-Projekt-bez-nazwy-2.jpg","contentUrl":"https:\/\/okiemrealisty.pl\/wp-content\/uploads\/2024\/05\/cropped-Projekt-bez-nazwy-2.jpg","width":240,"height":240,"caption":"Okiem Realisty"},"logo":{"@id":"https:\/\/okiemrealisty.pl\/wp-content\/uploads\/2024\/05\/cropped-Projekt-bez-nazwy-2.jpg"}}]}},"_links":{"self":[{"href":"https:\/\/okiemrealisty.pl\/index.php\/wp-json\/wp\/v2\/pages\/317","targetHints":{"allow":["GET"]}}],"collection":[{"href":"https:\/\/okiemrealisty.pl\/index.php\/wp-json\/wp\/v2\/pages"}],"about":[{"href":"https:\/\/okiemrealisty.pl\/index.php\/wp-json\/wp\/v2\/types\/page"}],"author":[{"embeddable":true,"href":"https:\/\/okiemrealisty.pl\/index.php\/wp-json\/wp\/v2\/users\/1"}],"replies":[{"embeddable":true,"href":"https:\/\/okiemrealisty.pl\/index.php\/wp-json\/wp\/v2\/comments?post=317"}],"version-history":[{"count":2,"href":"https:\/\/okiemrealisty.pl\/index.php\/wp-json\/wp\/v2\/pages\/317\/revisions"}],"predecessor-version":[{"id":363,"href":"https:\/\/okiemrealisty.pl\/index.php\/wp-json\/wp\/v2\/pages\/317\/revisions\/363"}],"wp:attachment":[{"href":"https:\/\/okiemrealisty.pl\/index.php\/wp-json\/wp\/v2\/media?parent=317"}],"curies":[{"name":"wp","href":"https:\/\/api.w.org\/{rel}","templated":true}]}}